{"id":13,"date":"2026-01-07T13:46:00","date_gmt":"2026-01-07T13:46:00","guid":{"rendered":"https:\/\/teszt.freeaengel.hu\/?page_id=13"},"modified":"2026-01-09T09:00:52","modified_gmt":"2026-01-09T09:00:52","slug":"kezdolap","status":"publish","type":"page","link":"https:\/\/teszt.freeaengel.hu\/","title":{"rendered":"Kezd\u0151lap"},"content":{"rendered":"<p>[et_pb_section fb_built=&#8221;1&#8243; admin_label=&#8221;Hero Section&#8221; _builder_version=&#8221;4.27.5&#8243; use_background_color_gradient=&#8221;on&#8221; background_color_gradient_stops=&#8221;rgba(0,0,0,0.5) 0%|rgba(0,0,0,0) 100%&#8221; background_color_gradient_start=&#8221;rgba(0,0,0,0.5)&#8221; background_color_gradient_end=&#8221;rgba(0,0,0,0)&#8221; background_image=&#8221;https:\/\/teszt.freeaengel.hu\/wp-content\/uploads\/2026\/01\/tea_shop_41-1-1.jpg&#8221; parallax=&#8221;on&#8221; custom_margin=&#8221;|||&#8221; custom_padding=&#8221;16.4%||20%|||&#8221; global_colors_info=&#8221;{}&#8221;][et_pb_row _builder_version=&#8221;4.16&#8243; background_size=&#8221;initial&#8221; background_position=&#8221;top_left&#8221; background_repeat=&#8221;repeat&#8221; global_colors_info=&#8221;{}&#8221;][et_pb_column type=&#8221;4_4&#8243; _builder_version=&#8221;4.16&#8243; custom_padding=&#8221;|||&#8221; global_colors_info=&#8221;{}&#8221; custom_padding__hover=&#8221;|||&#8221;][et_pb_text admin_label=&#8221;Title&#8221; _builder_version=&#8221;4.27.5&#8243; text_font=&#8221;Quattrocento||||||||&#8221; text_font_size=&#8221;22px&#8221; text_line_height=&#8221;1.4em&#8221; header_font=&#8221;Quattrocento|||on|||||&#8221; header_text_align=&#8221;center&#8221; header_font_size=&#8221;80px&#8221; header_letter_spacing=&#8221;6px&#8221; header_line_height=&#8221;1.4em&#8221; text_orientation=&#8221;center&#8221; background_layout=&#8221;dark&#8221; max_width=&#8221;800px&#8221; module_alignment=&#8221;center&#8221; animation_style=&#8221;slide&#8221; animation_direction=&#8221;top&#8221; animation_intensity_slide=&#8221;3%&#8221; animation_starting_opacity=&#8221;100%&#8221; header_font_size_tablet=&#8221;40px&#8221; header_font_size_phone=&#8221;&#8221; header_font_size_last_edited=&#8221;on|tablet&#8221; global_colors_info=&#8221;{}&#8221;]<\/p>\n<h1>Free Aengel<\/h1>\n<p>Ha unja m\u00e1r a kapszul\u00e1kat, akkor itt az ideje, hogy egy finom nasival egy\u00fctt jusson hozz\u00e1 a napi vitamin adagj\u00e1hoz.<\/p>\n<p>[\/et_pb_text][\/et_pb_column][\/et_pb_row][\/et_pb_section][et_pb_section fb_built=&#8221;1&#8243; admin_label=&#8221;Feature Section&#8221; module_id=&#8221;rolunk&#8221; _builder_version=&#8221;4.27.5&#8243; background_image=&#8221;https:\/\/teszt.freeaengel.hu\/wp-content\/uploads\/2026\/01\/tea_shop_02-1.jpg&#8221; background_position=&#8221;center_right&#8221; max_width=&#8221;88%&#8221; custom_margin=&#8221;-6%|||&#8221; custom_padding=&#8221;200px||200px|&#8221; animation_style=&#8221;slide&#8221; animation_direction=&#8221;left&#8221; animation_intensity_slide=&#8221;2%&#8221; animation_starting_opacity=&#8221;100%&#8221; hover_enabled=&#8221;0&#8243; box_shadow_style=&#8221;preset3&#8243; box_shadow_vertical=&#8221;80px&#8221; box_shadow_blur=&#8221;120px&#8221; box_shadow_spread=&#8221;-60px&#8221; box_shadow_color=&#8221;rgba(63,63,31,0.3)&#8221; global_colors_info=&#8221;{}&#8221; z_index=&#8221;1&#8243; sticky_enabled=&#8221;0&#8243;][et_pb_row column_structure=&#8221;1_2,1_2&#8243; _builder_version=&#8221;4.16&#8243; width=&#8221;90%&#8221; max_width=&#8221;90%&#8221; use_custom_width=&#8221;on&#8221; width_unit=&#8221;off&#8221; custom_width_percent=&#8221;90%&#8221; global_colors_info=&#8221;{}&#8221;][et_pb_column type=&#8221;1_2&#8243; _builder_version=&#8221;4.16&#8243; custom_padding=&#8221;|||&#8221; global_colors_info=&#8221;{}&#8221; custom_padding__hover=&#8221;|||&#8221;][\/et_pb_column][et_pb_column type=&#8221;1_2&#8243; _builder_version=&#8221;4.16&#8243; custom_padding=&#8221;|||&#8221; global_colors_info=&#8221;{}&#8221; custom_padding__hover=&#8221;|||&#8221;][et_pb_text admin_label=&#8221;Title&#8221; _builder_version=&#8221;4.27.5&#8243; text_font=&#8221;||||||||&#8221; header_font=&#8221;||||||||&#8221; header_2_font=&#8221;Quattrocento||||||||&#8221; header_2_font_size=&#8221;60px&#8221; header_2_line_height=&#8221;1.3em&#8221; animation_style=&#8221;slide&#8221; animation_direction=&#8221;left&#8221; animation_duration=&#8221;1400ms&#8221; animation_intensity_slide=&#8221;6%&#8221; header_2_font_size_tablet=&#8221;40px&#8221; header_2_font_size_phone=&#8221;&#8221; header_2_font_size_last_edited=&#8221;on|tablet&#8221; global_colors_info=&#8221;{}&#8221;]<\/p>\n<h2>Egy egyed\u00fcl\u00e1ll\u00f3 kezdem\u00e9nyez\u00e9s Eur\u00f3p\u00e1ban!<\/h2>\n<p>[\/et_pb_text][et_pb_text _builder_version=&#8221;4.27.5&#8243; text_font=&#8221;Quattrocento||||||||&#8221; text_font_size=&#8221;18px&#8221; text_line_height=&#8221;2.2em&#8221; header_font=&#8221;||||||||&#8221; header_2_font=&#8221;||||||||&#8221; animation_style=&#8221;slide&#8221; animation_direction=&#8221;left&#8221; animation_duration=&#8221;1400ms&#8221; animation_delay=&#8221;100ms&#8221; animation_intensity_slide=&#8221;6%&#8221; global_colors_info=&#8221;{}&#8221;]<\/p>\n<p>A hagyom\u00e1nyos cukrok helyett k\u00f3kuszcukor, arom\u00e1k helyett sz\u00e1r\u00edtott gy\u00fcm\u00f6lcs\u00f6k \u00edzes\u00edtik a belga csokol\u00e1d\u00e9val m\u00e1rtott csod\u00e1latosan \u00edzletes szeleteket.<\/p>\n<p>A gondosan megv\u00e1lasztott csokol\u00e1d\u00e9 alapanyagok mellett az \u00edzek kialak\u00edt\u00e1sa is k\u00fcl\u00f6nleges. A k\u00e9sz\u00edt\u00e9s sor\u00e1n nem haszn\u00e1lunk mesters\u00e9ges \u00edz \u00e9s sz\u00ednanyagokat, kiz\u00e1r\u00f3lag alacsony h\u0151m\u00e9rs\u00e9kleten sz\u00e1r\u00edtott \u00e9s \u0151r\u00f6lt gy\u00fcm\u00f6lcsporokat haszn\u00e1lunk. Ezzel a gy\u00fcm\u00f6lcs teljes \u00e9rt\u00e9k\u0171 t\u00e1panyagai beleker\u00fclnek a k\u00f3kuszcukor massz\u00e1ba, a gy\u00fcm\u00f6lcs \u00edze pedig megadja a m\u00e1rtott szeletek v\u00e9gs\u0151 karakter\u00e9t.<\/p>\n<p>[\/et_pb_text][\/et_pb_column][\/et_pb_row][\/et_pb_section][et_pb_section fb_built=&#8221;1&#8243; admin_label=&#8221;New Arrivals Section&#8221; module_id=&#8221;termekeink&#8221; _builder_version=&#8221;4.27.5&#8243; custom_padding=&#8221;120px|0px|120px|0px&#8221; locked=&#8221;off&#8221; global_colors_info=&#8221;{}&#8221;][et_pb_row _builder_version=&#8221;4.16&#8243; global_colors_info=&#8221;{}&#8221;][et_pb_column type=&#8221;4_4&#8243; _builder_version=&#8221;4.16&#8243; custom_padding=&#8221;|||&#8221; global_colors_info=&#8221;{}&#8221; custom_padding__hover=&#8221;|||&#8221;][et_pb_text admin_label=&#8221;Title&#8221; _builder_version=&#8221;4.27.5&#8243; text_font=&#8221;||||||||&#8221; header_font=&#8221;||||||||&#8221; header_line_height=&#8221;1.2em&#8221; header_2_font=&#8221;Quattrocento||||||||&#8221; header_2_font_size=&#8221;60px&#8221; header_2_line_height=&#8221;1.3em&#8221; text_orientation=&#8221;center&#8221; custom_margin=&#8221;||10px|&#8221; animation_style=&#8221;fade&#8221; animation_direction=&#8221;left&#8221; animation_starting_opacity=&#8221;100%&#8221; header_2_font_size_tablet=&#8221;40px&#8221; header_2_font_size_phone=&#8221;&#8221; header_2_font_size_last_edited=&#8221;on|tablet&#8221; global_colors_info=&#8221;{}&#8221;]<\/p>\n<h2>Szeretn\u00e9d megk\u00f3stolni?<\/h2>\n<p>[\/et_pb_text][et_pb_text admin_label=&#8221;Subtitle&#8221; _builder_version=&#8221;4.27.5&#8243; text_font=&#8221;Quattrocento||||||||&#8221; text_font_size=&#8221;18px&#8221; text_line_height=&#8221;2.2em&#8221; header_font=&#8221;||||||||&#8221; header_2_font=&#8221;||||||||&#8221; text_orientation=&#8221;center&#8221; max_width=&#8221;700px&#8221; module_alignment=&#8221;center&#8221; animation_style=&#8221;fade&#8221; animation_direction=&#8221;left&#8221; animation_starting_opacity=&#8221;100%&#8221; global_colors_info=&#8221;{}&#8221;]<\/p>\n<p>Tekintsd meg term\u00e9keinket \u00e9s v\u00e1lassz k\u00f6z\u00fcl\u00fck!<\/p>\n<p>[\/et_pb_text][\/et_pb_column][\/et_pb_row][et_pb_row column_structure=&#8221;1_3,1_3,1_3&#8243; _builder_version=&#8221;4.16&#8243; max_width=&#8221;1440px&#8221; custom_margin=&#8221;20px|||&#8221; custom_padding=&#8221;|||&#8221; use_custom_width=&#8221;on&#8221; custom_width_px=&#8221;1440px&#8221; locked=&#8221;off&#8221; global_colors_info=&#8221;{}&#8221;][et_pb_column type=&#8221;1_3&#8243; _builder_version=&#8221;4.16&#8243; custom_padding=&#8221;|||&#8221; global_colors_info=&#8221;{}&#8221; custom_padding__hover=&#8221;|||&#8221;][et_pb_blurb title=&#8221;T\u00far\u00f3s citromos Wellness BAR&#8221; image=&#8221;https:\/\/teszt.freeaengel.hu\/wp-content\/uploads\/2026\/01\/1374-4368344263.png&#8221; _builder_version=&#8221;4.27.5&#8243; header_font=&#8221;Quattrocento||||||||&#8221; header_text_color=&#8221;#000000&#8243; header_line_height=&#8221;2.2em&#8221; text_orientation=&#8221;center&#8221; animation=&#8221;right&#8221; global_colors_info=&#8221;{}&#8221;][\/et_pb_blurb][\/et_pb_column][et_pb_column type=&#8221;1_3&#8243; _builder_version=&#8221;4.16&#8243; custom_padding=&#8221;|||&#8221; global_colors_info=&#8221;{}&#8221; custom_padding__hover=&#8221;|||&#8221;][et_pb_blurb title=&#8221;Marcip\u00e1nos Wellness BAR&#8221; image=&#8221;https:\/\/teszt.freeaengel.hu\/wp-content\/uploads\/2026\/01\/1375-1736344263.png&#8221; _builder_version=&#8221;4.27.5&#8243; header_font=&#8221;Quattrocento||||||||&#8221; header_text_color=&#8221;#000000&#8243; header_line_height=&#8221;2.2em&#8221; text_orientation=&#8221;center&#8221; animation=&#8221;off&#8221; locked=&#8221;off&#8221; global_colors_info=&#8221;{}&#8221;][\/et_pb_blurb][\/et_pb_column][et_pb_column type=&#8221;1_3&#8243; _builder_version=&#8221;4.16&#8243; custom_padding=&#8221;|||&#8221; global_colors_info=&#8221;{}&#8221; custom_padding__hover=&#8221;|||&#8221;][et_pb_blurb title=&#8221;Pinacolada Wellness BAR&#8221; image=&#8221;https:\/\/teszt.freeaengel.hu\/wp-content\/uploads\/2026\/01\/1376-9403344263.png&#8221; _builder_version=&#8221;4.27.5&#8243; header_font=&#8221;Quattrocento||||||||&#8221; header_text_color=&#8221;#000000&#8243; header_line_height=&#8221;2.2em&#8221; text_orientation=&#8221;center&#8221; animation=&#8221;left&#8221; locked=&#8221;off&#8221; global_colors_info=&#8221;{}&#8221;][\/et_pb_blurb][\/et_pb_column][\/et_pb_row][et_pb_row column_structure=&#8221;1_3,1_3,1_3&#8243; _builder_version=&#8221;4.16&#8243; max_width=&#8221;1440px&#8221; custom_margin=&#8221;20px|||&#8221; custom_padding=&#8221;|||&#8221; use_custom_width=&#8221;on&#8221; custom_width_px=&#8221;1440px&#8221; locked=&#8221;off&#8221; global_colors_info=&#8221;{}&#8221;][et_pb_column type=&#8221;1_3&#8243; _builder_version=&#8221;4.16&#8243; custom_padding=&#8221;|||&#8221; global_colors_info=&#8221;{}&#8221; custom_padding__hover=&#8221;|||&#8221;][et_pb_blurb title=&#8221;Homokt\u00f6vises RAW BEAUTY BAR&#8221; image=&#8221;https:\/\/teszt.freeaengel.hu\/wp-content\/uploads\/2026\/01\/1377-6336344263.png&#8221; _builder_version=&#8221;4.27.5&#8243; header_font=&#8221;Quattrocento||||||||&#8221; header_text_color=&#8221;#000000&#8243; header_line_height=&#8221;2.2em&#8221; text_orientation=&#8221;center&#8221; animation=&#8221;right&#8221; global_colors_info=&#8221;{}&#8221;][\/et_pb_blurb][\/et_pb_column][et_pb_column type=&#8221;1_3&#8243; _builder_version=&#8221;4.16&#8243; custom_padding=&#8221;|||&#8221; global_colors_info=&#8221;{}&#8221; custom_padding__hover=&#8221;|||&#8221;][et_pb_blurb title=&#8221;F\u00f6ldi mandul\u00e1s RAW BAR&#8221; image=&#8221;https:\/\/teszt.freeaengel.hu\/wp-content\/uploads\/2026\/01\/1378-5024344263.png&#8221; _builder_version=&#8221;4.27.5&#8243; header_font=&#8221;Quattrocento||||||||&#8221; header_text_color=&#8221;#000000&#8243; header_line_height=&#8221;2.2em&#8221; text_orientation=&#8221;center&#8221; animation=&#8221;off&#8221; locked=&#8221;off&#8221; global_colors_info=&#8221;{}&#8221;][\/et_pb_blurb][\/et_pb_column][et_pb_column type=&#8221;1_3&#8243; _builder_version=&#8221;4.16&#8243; custom_padding=&#8221;|||&#8221; global_colors_info=&#8221;{}&#8221; custom_padding__hover=&#8221;|||&#8221;][et_pb_blurb title=&#8221;Alg\u00e1s Detox &#038; Energy BAR&#8221; image=&#8221;https:\/\/teszt.freeaengel.hu\/wp-content\/uploads\/2026\/01\/1379-9896344263.png&#8221; _builder_version=&#8221;4.27.5&#8243; header_font=&#8221;Quattrocento||||||||&#8221; header_text_color=&#8221;#000000&#8243; header_line_height=&#8221;2.2em&#8221; text_orientation=&#8221;center&#8221; animation=&#8221;left&#8221; locked=&#8221;off&#8221; global_colors_info=&#8221;{}&#8221;][\/et_pb_blurb][\/et_pb_column][\/et_pb_row][\/et_pb_section][et_pb_section fb_built=&#8221;1&#8243; admin_label=&#8221;Subscription Section&#8221; _builder_version=&#8221;4.27.5&#8243; use_background_color_gradient=&#8221;on&#8221; background_color_gradient_stops=&#8221;rgba(99,99,99,0.6) 0%|rgba(0,0,0,0) 100%&#8221; background_color_gradient_overlays_image=&#8221;on&#8221; background_color_gradient_start=&#8221;rgba(99,99,99,0.6)&#8221; background_color_gradient_end=&#8221;rgba(0,0,0,0)&#8221; background_image=&#8221;https:\/\/teszt.freeaengel.hu\/wp-content\/uploads\/2026\/01\/tea_shop_03-1.jpg&#8221; background_position=&#8221;bottom_right&#8221; custom_padding=&#8221;120px||180px|&#8221; global_colors_info=&#8221;{}&#8221;][et_pb_row _builder_version=&#8221;4.16&#8243; locked=&#8221;off&#8221; global_colors_info=&#8221;{}&#8221;][et_pb_column type=&#8221;4_4&#8243; _builder_version=&#8221;4.16&#8243; custom_padding=&#8221;|||&#8221; global_colors_info=&#8221;{}&#8221; custom_padding__hover=&#8221;|||&#8221;][et_pb_text admin_label=&#8221;Subtitle&#8221; _builder_version=&#8221;4.27.5&#8243; text_font=&#8221;Quattrocento||||||||&#8221; text_font_size=&#8221;18px&#8221; text_line_height=&#8221;2.2em&#8221; header_font=&#8221;||||||||&#8221; header_2_font=&#8221;||||||||&#8221; text_orientation=&#8221;center&#8221; background_layout=&#8221;dark&#8221; max_width=&#8221;700px&#8221; module_alignment=&#8221;center&#8221; animation_style=&#8221;fade&#8221; animation_direction=&#8221;left&#8221; animation_starting_opacity=&#8221;100%&#8221; global_colors_info=&#8221;{}&#8221;]<\/p>\n<p>Forradalmi megold\u00e1snak tekinthet\u0151, hogy a csokol\u00e1d\u00e9 szeletek tov\u00e1bbi k\u00fcl\u00f6nleges (hat\u00f3)anyagokkal vannak d\u00fas\u00edtva. Egyes szeletek vitaminokat, szerves k\u00f6t\u00e9s\u0171 \u00e1sv\u00e1nyi anyagokat tartalmaznak, m\u00edg m\u00e1sok magas antioxid\u00e1ns tartalm\u00fa n\u00f6v\u00e9nyi kivonatokat, \u00e9s biol\u00f3giailag akt\u00edv hat\u00f3anyagokat tartalmaznak.<br \/>Ezzel az egyed\u00fcl\u00e1ll\u00f3 koncepci\u00f3val az FREE AENGEL csokol\u00e1d\u00e9k k\u00fcl\u00f6nleges helyet foglalnak el az eg\u00e9szs\u00e9gmeg\u0151rz\u00e9s mindennapos kih\u00edv\u00e1saiban.<\/p>\n<p>[\/et_pb_text][et_pb_text admin_label=&#8221;Subtitle&#8221; _builder_version=&#8221;4.27.5&#8243; text_font=&#8221;Quattrocento||||||||&#8221; text_font_size=&#8221;25px&#8221; text_line_height=&#8221;2.2em&#8221; header_font=&#8221;||||||||&#8221; header_2_font=&#8221;||||||||&#8221; text_orientation=&#8221;center&#8221; background_layout=&#8221;dark&#8221; max_width=&#8221;700px&#8221; module_alignment=&#8221;center&#8221; animation_style=&#8221;fade&#8221; animation_direction=&#8221;left&#8221; animation_starting_opacity=&#8221;100%&#8221; global_colors_info=&#8221;{}&#8221;]<\/p>\n<p><span><strong>Minden term\u00e9k\u00fcnk:<\/strong>\u00a0<\/span><strong>GLUT\u00c9N-, tart\u00f3s\u00edt\u00f3szer-, sz\u00ednez\u00e9k-, \u00edzfokoz\u00f3- \u00e9s GMO-mentes<\/strong><\/p>\n<p>[\/et_pb_text][\/et_pb_column][\/et_pb_row][\/et_pb_section][et_pb_section fb_built=&#8221;1&#8243; admin_label=&#8221;Footer Section&#8221; module_id=&#8221;kapcsolat&#8221; _builder_version=&#8221;4.27.5&#8243; use_background_color_gradient=&#8221;on&#8221; background_color_gradient_stops=&#8221;#ffffff 0%|rgba(255,255,255,0.66) 100%&#8221; background_color_gradient_overlays_image=&#8221;on&#8221; background_color_gradient_start=&#8221;#ffffff&#8221; background_color_gradient_end=&#8221;rgba(255,255,255,0.66)&#8221; custom_padding=&#8221;120px|||&#8221; global_colors_info=&#8221;{}&#8221;][et_pb_row _builder_version=&#8221;4.27.5&#8243; _module_preset=&#8221;default&#8221; global_colors_info=&#8221;{}&#8221;][et_pb_column type=&#8221;4_4&#8243; _builder_version=&#8221;4.27.5&#8243; _module_preset=&#8221;default&#8221; global_colors_info=&#8221;{}&#8221;][et_pb_heading title=&#8221;Kapcsolat&#8221; _builder_version=&#8221;4.27.5&#8243; _module_preset=&#8221;default&#8221; title_level=&#8221;h2&#8243; title_font=&#8221;Quattrocento||||||||&#8221; title_text_align=&#8221;center&#8221; title_font_size=&#8221;60px&#8221; global_colors_info=&#8221;{}&#8221;][\/et_pb_heading][\/et_pb_column][\/et_pb_row][et_pb_row column_structure=&#8221;1_3,1_3,1_3&#8243; _builder_version=&#8221;4.16&#8243; custom_margin=&#8221;70px|||&#8221; global_colors_info=&#8221;{}&#8221;][et_pb_column _builder_version=&#8221;4.27.5&#8243; _module_preset=&#8221;default&#8221; type=&#8221;1_3&#8243;][et_pb_text admin_label=&#8221;Address&#8221; _builder_version=&#8221;4.27.5&#8243; text_font=&#8221;Quattrocento||||||||&#8221; text_font_size=&#8221;18px&#8221; text_line_height=&#8221;1.8em&#8221; header_font=&#8221;||||||||&#8221; header_3_font=&#8221;Quattrocento||||||||&#8221; header_3_text_color=&#8221;#93b786&#8243; header_3_font_size=&#8221;30px&#8221; header_3_line_height=&#8221;1.3em&#8221; text_orientation=&#8221;center&#8221; animation_style=&#8221;fade&#8221; global_colors_info=&#8221;{}&#8221;]<\/p>\n<h3>BarLine Kft.<\/h3>\n<p>6000 Kecskem\u00e9t, Nap utca 1.<\/p>\n<p>[\/et_pb_text][\/et_pb_column][et_pb_column type=&#8221;1_3&#8243; _builder_version=&#8221;4.16&#8243; custom_padding=&#8221;|||&#8221; global_colors_info=&#8221;{}&#8221; custom_padding__hover=&#8221;|||&#8221;][et_pb_text admin_label=&#8221;Phone&#8221; _builder_version=&#8221;4.27.5&#8243; text_font=&#8221;Quattrocento||||||||&#8221; text_font_size=&#8221;18px&#8221; text_line_height=&#8221;1.8em&#8221; header_font=&#8221;||||||||&#8221; header_3_font=&#8221;Quattrocento||||||||&#8221; header_3_text_color=&#8221;#93b786&#8243; header_3_font_size=&#8221;30px&#8221; header_3_line_height=&#8221;1.3em&#8221; text_orientation=&#8221;center&#8221; animation_style=&#8221;fade&#8221; locked=&#8221;off&#8221; global_colors_info=&#8221;{}&#8221;]<\/p>\n<h3>Telefon<\/h3>\n<p>+36 30 945 2081<\/p>\n<p>[\/et_pb_text][\/et_pb_column][et_pb_column type=&#8221;1_3&#8243; _builder_version=&#8221;4.16&#8243; custom_padding=&#8221;|||&#8221; global_colors_info=&#8221;{}&#8221; custom_padding__hover=&#8221;|||&#8221;][et_pb_text admin_label=&#8221;Email&#8221; _builder_version=&#8221;4.27.5&#8243; text_font=&#8221;Quattrocento||||||||&#8221; text_font_size=&#8221;18px&#8221; text_line_height=&#8221;1.8em&#8221; header_font=&#8221;||||||||&#8221; header_3_font=&#8221;Quattrocento||||||||&#8221; header_3_text_color=&#8221;#93b786&#8243; header_3_font_size=&#8221;30px&#8221; header_3_line_height=&#8221;1.3em&#8221; text_orientation=&#8221;center&#8221; animation_style=&#8221;fade&#8221; hover_enabled=&#8221;0&#8243; locked=&#8221;off&#8221; global_colors_info=&#8221;{}&#8221; content__hover_enabled=&#8221;on|desktop&#8221; content__hover=&#8221;<\/p>\n<h3 id=%22h_86526612731767792789897%22>E-mail<\/h3>\n<p><a href=%22mailto:engel.karoly@freeaengel.hu%22>engel.karoly@freeaengel.hu<\/a><br \/><a href=%22mailto:engel.karolyne@freeaengel.hu%22>engel.karolyne@freeaengel.hu<\/a><\/p>\n<p>&#8221; sticky_enabled=&#8221;0&#8243;]<\/p>\n<h3 id=\"h_86526612731767792789897\">E-mail<\/h3>\n<p><a href=\"mailto:engel.karoly@freeaengel.hu\">engel.karoly@freeaengel.hu<\/a><\/p>\n<p>[\/et_pb_text][et_pb_image src=&#8221;https:\/\/teszt.freeaengel.hu\/wp-content\/uploads\/2026\/01\/kedvezmenyezetti-infoblokk-1024&#215;265-1.jpg&#8221; title_text=&#8221;kedvezmenyezetti-infoblokk&#8221; align=&#8221;right&#8221; _builder_version=&#8221;4.27.5&#8243; _module_preset=&#8221;default&#8221; positioning=&#8221;fixed&#8221; position_origin_f=&#8221;bottom_right&#8221; vertical_offset=&#8221;10px&#8221; z_index=&#8221;6875&#8243; max_width=&#8221;15%&#8221; hover_enabled=&#8221;0&#8243; global_colors_info=&#8221;{}&#8221; theme_builder_area=&#8221;post_content&#8221; url=&#8221;@ET-DC@eyJkeW5hbWljIjp0cnVlLCJjb250ZW50IjoicG9zdF9saW5rX3VybF9wYWdlIiwic2V0dGluZ3MiOnsicG9zdF9pZCI6IjYzIn19@&#8221; _dynamic_attributes=&#8221;url&#8221; sticky_enabled=&#8221;0&#8243;][\/et_pb_image][\/et_pb_column][\/et_pb_row][\/et_pb_section]<\/p>\n","protected":false},"excerpt":{"rendered":"<p>Free Aengel Ha unja m\u00e1r a kapszul\u00e1kat, akkor itt az ideje, hogy egy finom nasival egy\u00fctt jusson hozz\u00e1 a napi vitamin adagj\u00e1hoz.Egy egyed\u00fcl\u00e1ll\u00f3 kezdem\u00e9nyez\u00e9s Eur\u00f3p\u00e1ban!A hagyom\u00e1nyos cukrok helyett k\u00f3kuszcukor, arom\u00e1k helyett sz\u00e1r\u00edtott gy\u00fcm\u00f6lcs\u00f6k \u00edzes\u00edtik a belga csokol\u00e1d\u00e9val m\u00e1rtott csod\u00e1latosan \u00edzletes szeleteket. A gondosan megv\u00e1lasztott csokol\u00e1d\u00e9 alapanyagok mellett az \u00edzek kialak\u00edt\u00e1sa is k\u00fcl\u00f6nleges. A k\u00e9sz\u00edt\u00e9s sor\u00e1n [&hellip;]<\/p>\n","protected":false},"author":1,"featured_media":0,"parent":0,"menu_order":0,"comment_status":"closed","ping_status":"closed","template":"","meta":{"_et_pb_use_builder":"on","_et_pb_old_content":"","_et_gb_content_width":"","footnotes":""},"class_list":["post-13","page","type-page","status-publish","hentry"],"_links":{"self":[{"href":"https:\/\/teszt.freeaengel.hu\/index.php\/wp-json\/wp\/v2\/pages\/13","targetHints":{"allow":["GET"]}}],"collection":[{"href":"https:\/\/teszt.freeaengel.hu\/index.php\/wp-json\/wp\/v2\/pages"}],"about":[{"href":"https:\/\/teszt.freeaengel.hu\/index.php\/wp-json\/wp\/v2\/types\/page"}],"author":[{"embeddable":true,"href":"https:\/\/teszt.freeaengel.hu\/index.php\/wp-json\/wp\/v2\/users\/1"}],"replies":[{"embeddable":true,"href":"https:\/\/teszt.freeaengel.hu\/index.php\/wp-json\/wp\/v2\/comments?post=13"}],"version-history":[{"count":13,"href":"https:\/\/teszt.freeaengel.hu\/index.php\/wp-json\/wp\/v2\/pages\/13\/revisions"}],"predecessor-version":[{"id":74,"href":"https:\/\/teszt.freeaengel.hu\/index.php\/wp-json\/wp\/v2\/pages\/13\/revisions\/74"}],"wp:attachment":[{"href":"https:\/\/teszt.freeaengel.hu\/index.php\/wp-json\/wp\/v2\/media?parent=13"}],"curies":[{"name":"wp","href":"https:\/\/api.w.org\/{rel}","templated":true}]}}